{"id":74,"date":"2021-10-05T06:51:57","date_gmt":"2021-10-05T06:51:57","guid":{"rendered":"http:\/\/fastwpdemo.com\/newwp\/rufers\/?page_id=74"},"modified":"2023-10-27T09:57:21","modified_gmt":"2023-10-27T08:57:21","slug":"contact","status":"publish","type":"page","link":"https:\/\/gn-depannage-volet-42.fr\/?page_id=74","title":{"rendered":"Contact &#8211; Devis"},"content":{"rendered":"\t\t<div data-elementor-type=\"wp-page\" data-elementor-id=\"74\" class=\"elementor elementor-74\">\n\t\t\t\t\t\t\t\t\t<section class=\"elementor-section elementor-top-section elementor-element elementor-element-19238fe elementor-section-full_width elementor-section-height-default elementor-section-height-default\" data-id=\"19238fe\" data-element_type=\"section\">\n\t\t\t\t\t\t<div class=\"elementor-container elementor-column-gap-default\">\n\t\t\t\t\t<div class=\"elementor-column elementor-col-100 elementor-top-column elementor-element elementor-element-3db6a41\" data-id=\"3db6a41\" data-element_type=\"column\">\n\t\t\t<div class=\"elementor-widget-wrap elementor-element-populated\">\n\t\t\t\t\t\t\t\t<div class=\"elementor-element elementor-element-4b6a90d elementor-widget elementor-widget-rufers_contact_us\" data-id=\"4b6a90d\" data-element_type=\"widget\" data-widget_type=\"rufers_contact_us.default\">\n\t\t\t\t<div class=\"elementor-widget-container\">\n\t\t\t    \n    <!--Start Main Contact Form Area-->\n    <section id=\"contact\" class=\"main-contact-form-area\">\n        <div class=\"container\">\n            <div class=\"row\">\n\t\t\t\t                <div class=\"col-xl-6\">\n                    <div class=\"contact-page-map-outer\">\n                        <!--Map Canvas-->\n                        <div class=\"map-canvas\">\n                        \t<iframe src=\"https:\/\/www.google.com\/maps\/embed?pb=!1m14!1m8!1m3!1d11199.121803686536!2d4.413565!3d45.4339269!3m2!1i1024!2i768!4f13.1!3m3!1m2!1s0x47f5a9cbde2a697b%3A0xf2c4a1e17725f20!2sGN%20D%C3%A9pannage%20Saint-%C3%89tienne%20(Volet%20%2F%20Store)!5e0!3m2!1sfr!2sfr!4v1698396915060!5m2!1sfr!2sfr\" width=\"600\" height=\"450\" style=\"border:0;\" allowfullscreen=\"\" loading=\"lazy\" referrerpolicy=\"no-referrer-when-downgrade\"><\/iframe>                        <\/div>\n                    <\/div>\n                <\/div>\n\t\t\t\t                <div class=\"col-xl-6\">\n                    <div class=\"contact-style1_form\">\n                                                <div class=\"top-title\">\n                            <h2>Demande de Devis<\/h2>                            <p>Demander un devis en utilisant le formulaire ci-dessous.<\/p>                        <\/div>\n                                                                        <div class=\"contact-form\">\n                            <div class=\"default-form2\">\n                            \t<div role=\"form\" class=\"wpcf7\" id=\"wpcf7-f764-o1\" lang=\"en-US\" dir=\"ltr\">\n<div class=\"screen-reader-response\"><p role=\"status\" aria-live=\"polite\" aria-atomic=\"true\"><\/p> <ul><\/ul><\/div>\n<form action=\"\/index.php?rest_route=%2Fwp%2Fv2%2Fpages%2F74#wpcf7-f764-o1\" method=\"post\" class=\"wpcf7-form init\" novalidate=\"novalidate\" data-status=\"init\">\n<div style=\"display: none;\">\n<input type=\"hidden\" name=\"_wpcf7\" value=\"764\" \/>\n<input type=\"hidden\" name=\"_wpcf7_version\" value=\"5.6.3\" \/>\n<input type=\"hidden\" name=\"_wpcf7_locale\" value=\"en_US\" \/>\n<input type=\"hidden\" name=\"_wpcf7_unit_tag\" value=\"wpcf7-f764-o1\" \/>\n<input type=\"hidden\" name=\"_wpcf7_container_post\" value=\"0\" \/>\n<input type=\"hidden\" name=\"_wpcf7_posted_data_hash\" value=\"\" \/>\n<\/div>\n<div class=\"row\">\n<div class=\"col-xl-6 col-lg-6\">\n<div class=\"input-box\">\n<span class=\"wpcf7-form-control-wrap\" data-name=\"text-989\"><input type=\"text\" name=\"text-989\" value=\"\" size=\"40\" class=\"wpcf7-form-control wpcf7-text wpcf7-validates-as-required\" aria-required=\"true\" aria-invalid=\"false\" placeholder=\"Nom Pr\u00e9nom :\" \/><\/span>\n<\/div>\n<\/div>\n<div class=\"col-xl-6 col-lg-6\">\n<div class=\"input-box\">\n<span class=\"wpcf7-form-control-wrap\" data-name=\"email-556\"><input type=\"email\" name=\"email-556\" value=\"\" size=\"40\" class=\"wpcf7-form-control wpcf7-text wpcf7-email wpcf7-validates-as-required wpcf7-validates-as-email\" aria-required=\"true\" aria-invalid=\"false\" placeholder=\"Email :\" \/><\/span>\n<\/div>\n<\/div>\n<\/div>\n<div class=\"row\">\n<div class=\"col-xl-6 col-lg-6\">\n<div class=\"input-box\">\n<span class=\"wpcf7-form-control-wrap\" data-name=\"text-990\"><input type=\"text\" name=\"text-990\" value=\"\" size=\"40\" class=\"wpcf7-form-control wpcf7-text wpcf7-validates-as-required\" aria-required=\"true\" aria-invalid=\"false\" placeholder=\"T\u00e9l:\" \/><\/span>\n<\/div>\n<\/div>\n<div class=\"col-xl-6 col-lg-6\">\n<div class=\"input-box\">\n<span class=\"wpcf7-form-control-wrap\" data-name=\"text-991\"><input type=\"text\" name=\"text-991\" value=\"\" size=\"40\" class=\"wpcf7-form-control wpcf7-text wpcf7-validates-as-required\" aria-required=\"true\" aria-invalid=\"false\" placeholder=\"Sujet :\" \/><\/span>\n<\/div>\n<\/div>\n<\/div>\n<div class=\"row\">\n<div class=\"col-xl-12 text-center\">\n<div class=\"input-box two\">\n<span class=\"wpcf7-form-control-wrap\" data-name=\"textarea-998\"><textarea name=\"textarea-998\" cols=\"40\" rows=\"10\" class=\"wpcf7-form-control wpcf7-textarea wpcf7-validates-as-required\" aria-required=\"true\" aria-invalid=\"false\" placeholder=\"Entrer votre message...\"><\/textarea><\/span>\n<\/div>\n<div class=\"button-box\"><button class=\"btn-one\" type=\"submit\" data-loading-text=\"Attendez...\"><span class=\"txt\">Envoyer<\/span><\/button>\n<\/div>\n<\/div>\n<\/div>\n<div class=\"wpcf7-response-output\" aria-hidden=\"true\"><\/div><\/form><\/div>                            <\/div>\n                        <\/div>\n                                            <\/div>\n                <\/div>\n\n            <\/div>\n        <\/div>\n    <\/section>\n    <!--End Main Contact Form Area-->\n    \n\t\t\t<\/div>\n\t\t\t\t<\/div>\n\t\t\t\t<div class=\"elementor-element elementor-element-ab1fd39 elementor-widget elementor-widget-rufers_contact_info\" data-id=\"ab1fd39\" data-element_type=\"widget\" data-widget_type=\"rufers_contact_info.default\">\n\t\t\t\t<div class=\"elementor-widget-container\">\n\t\t\t   \t\n    <!--Start Contact Info Area-->\n    <section class=\"contact-info-area\">\n        <div class=\"container\">\n            <div class=\"row\">\n                                <!--Start Single Contact Info Box-->\n                <div class=\"col-xl-4 col-lg-12\">\n                    <div class=\"single-contact-info-box\">\n                        <div class=\"icon\">\n                            <span class=\"flaticon-pin-1\"><\/span>\n                        <\/div>\n                        <div class=\"text-holder\">\n                            <div class=\"pattern-bg\" style=\"background-image: url(https:\/\/gn-depannage-volet-42.fr\/wp-content\/themes\/rufers\/assets\/images\/pattern\/thm-pattern-3.png);\"><\/div>\n                            <div class=\"top\">\n                                <h3>Venir au bureau<\/h3>\n                                <span>Venir au bureau<\/span>\n                            <\/div>\n                            4 d Rue des Villas, <br>\n42100 Saint-\u00c9tienne                        <\/div>\n                    <\/div>\n                <\/div>\n                <!--End Single Contact Info Box-->\n\t\t\t\t                <!--Start Single Contact Info Box-->\n                <div class=\"col-xl-4 col-lg-12\">\n                    <div class=\"single-contact-info-box\">\n                        <div class=\"icon\">\n                            <span class=\"flaticon-phone-call-3\"><\/span>\n                        <\/div>\n                        <div class=\"text-holder\">\n                            <div class=\"pattern-bg\" style=\"background-image: url(https:\/\/gn-depannage-volet-42.fr\/wp-content\/themes\/rufers\/assets\/images\/pattern\/thm-pattern-3.png);\"><\/div>\n                            <div class=\"top\">\n                                <h3>Passer un coup de t\u00e9l\u00e9phone<\/h3>\n                                <span>Passer un coup de t\u00e9l\u00e9phone<\/span>\n                            <\/div>\n                            <p class=\"text1\">T\u00e9l. : <a href=\"tel:+33783279382\">07 83 27 93 82<\/a> <\/p>                        <\/div>\n                    <\/div>\n                <\/div>\n                <!--End Single Contact Info Box-->\n\t\t\t\t                <!--Start Single Contact Info Box-->\n                <div class=\"col-xl-4 col-lg-12\">\n                    <div class=\"single-contact-info-box\">\n                        <div class=\"icon\">\n                            <span class=\"flaticon-email-1\"><\/span>\n                        <\/div>\n                        <div class=\"text-holder\">\n                            <div class=\"pattern-bg\" style=\"background-image: url(https:\/\/gn-depannage-volet-42.fr\/wp-content\/themes\/rufers\/assets\/images\/pattern\/thm-pattern-3.png);\"><\/div>\n                            <div class=\"top\">\n                                <h3>Envoyer un e-mail<\/h3>\n                                <span>Envoyer un e-mail<\/span>\n                            <\/div>\n                            <p class=\"text1\"><a href=\"mailto:contact@gn-depannage-volet-42.fr\">contact@gn-depannage-volet-42.fr<\/a>\n<\/p>                        <\/div>\n                    <\/div>\n                <\/div>\n                <!--End Single Contact Info Box-->\n\t\t\t\t \n            <\/div>\n        <\/div>\n    <\/section>\n    <!--End Contact Info Area-->\n    \n    \t\t<\/div>\n\t\t\t\t<\/div>\n\t\t\t\t\t<\/div>\n\t\t<\/div>\n\t\t\t\t\t\t\t<\/div>\n\t\t<\/section>\n\t\t\t\t\t\t\t<\/div>\n\t\t","protected":false},"excerpt":{"rendered":"<p>Demande de Devis Demander un devis en utilisant le formulaire ci-dessous. Envoyer Venir au bureau Venir au bureau 4 d Rue des Villas, 42100 Saint-\u00c9tienne Passer un coup de t\u00e9l\u00e9phone Passer un coup de t\u00e9l\u00e9phone T\u00e9l. : 07 83 27 93 82 Envoyer un e-mail Envoyer un e-mail contact@gn-depannage-volet-42.fr<\/p>\n","protected":false},"author":1,"featured_media":0,"parent":0,"menu_order":0,"comment_status":"closed","ping_status":"closed","template":"tpl-default-elementor.php","meta":{"footnotes":""},"aioseo_notices":[],"_links":{"self":[{"href":"https:\/\/gn-depannage-volet-42.fr\/index.php?rest_route=\/wp\/v2\/pages\/74"}],"collection":[{"href":"https:\/\/gn-depannage-volet-42.fr\/index.php?rest_route=\/wp\/v2\/pages"}],"about":[{"href":"https:\/\/gn-depannage-volet-42.fr\/index.php?rest_route=\/wp\/v2\/types\/page"}],"author":[{"embeddable":true,"href":"https:\/\/gn-depannage-volet-42.fr\/index.php?rest_route=\/wp\/v2\/users\/1"}],"replies":[{"embeddable":true,"href":"https:\/\/gn-depannage-volet-42.fr\/index.php?rest_route=%2Fwp%2Fv2%2Fcomments&post=74"}],"version-history":[{"count":44,"href":"https:\/\/gn-depannage-volet-42.fr\/index.php?rest_route=\/wp\/v2\/pages\/74\/revisions"}],"predecessor-version":[{"id":2483,"href":"https:\/\/gn-depannage-volet-42.fr\/index.php?rest_route=\/wp\/v2\/pages\/74\/revisions\/2483"}],"wp:attachment":[{"href":"https:\/\/gn-depannage-volet-42.fr\/index.php?rest_route=%2Fwp%2Fv2%2Fmedia&parent=74"}],"curies":[{"name":"wp","href":"https:\/\/api.w.org\/{rel}","templated":true}]}}